{"id":2782,"date":"2025-08-18T02:07:28","date_gmt":"2025-08-18T00:07:28","guid":{"rendered":"https:\/\/new.gfcie75.com\/?page_id=2782"},"modified":"2026-02-04T16:10:08","modified_gmt":"2026-02-04T15:10:08","slug":"partenariat-social-influenceur","status":"publish","type":"page","link":"https:\/\/gfcie75.com\/en\/partenariat-social-influenceur\/","title":{"rendered":"Social influencer partnership"},"content":{"rendered":"<div data-elementor-type=\"wp-page\" data-elementor-id=\"2782\" class=\"elementor elementor-2782\" data-elementor-post-type=\"page\">\n\t\t\t\t<div class=\"elementor-element elementor-element-f8d421a e-flex e-con-boxed e-con e-parent\" data-id=\"f8d421a\" data-element_type=\"container\">\n\t\t\t\t\t<div class=\"e-con-inner\">\n\t\t<div class=\"elementor-element elementor-element-68f65d6 e-con-full e-flex e-con e-child\" data-id=\"68f65d6\" data-element_type=\"container\" data-settings=\"{&quot;background_background&quot;:&quot;classic&quot;}\">\n\t\t\t\t<div class=\"elementor-element elementor-element-3f67695 elementor-view-default elementor-widget elementor-widget-icon\" data-id=\"3f67695\" data-element_type=\"widget\" data-widget_type=\"icon.default\">\n\t\t\t\t<div class=\"elementor-widget-container\">\n\t\t\t\t\t\t\t<div class=\"elementor-icon-wrapper\">\n\t\t\t<div class=\"elementor-icon\">\n\t\t\t<svg xmlns=\"http:\/\/www.w3.org\/2000\/svg\" data-name=\"Calque 1\" viewbox=\"0 0 509.31 585.64\"><path d=\"M254.85 0H6.87C.2 0 .18 0 .18 6.63v157c0 6.08.39 6.43 7.13 6.43l414.43-.06c6.34 0 12.67.07 19-.07 3-.06 4.15 1.17 4.08 4.15-.13 5.83-.27 11.68 0 17.5.2 3.93-1.4 4.7-5 4.7q-216.73-.14-433.47-.23c-4.86 0-6.36 1.48-6.34 6.29q.23 83 .16 166c0 3-.07 6-.09 9 0 2.82 1.19 4.39 4.22 4.23 1.49-.08 3 0 4.5 0q213.48-.06 427-.17c3.61 0 5.07 1 5 4.81-.18 8-.19 16 .11 24 .16 4.25-1 5.79-5.56 5.78q-213.73-.21-427.46-.21c-7.83 0-7.76-.07-7.76 7.68q0 78-.16 156c0 4.85 1.63 6.27 6.41 6.22q33.75-.33 67.49 0c4.62 0 6-1.38 5.93-6-.22-27.66-.09-55.33-.27-83 0-4 1-5.61 5.28-5.55 15 .18 30 .22 45-.08 4.8-.09 5.86 1.67 5.84 6.1-.16 27.67 0 55.33-.13 83 0 4.14 1.25 5.53 5.45 5.5q34.25-.24 68.49 0c4.63 0 6.07-1.45 6-6-.24-27.66-.17-55.33-.37-83 0-4.05 1-5.54 5.37-5.49q28.24.28 56.49-.08c4.75-.07 5.89 1.6 5.85 6.09-.21 27.67-.12 55.33-.22 83 0 3.48.41 5.54 4.79 5.52q41-.27 82 0c3.58 0 4.56-1.27 4.55-4.67-.14-28.33-.06-56.66-.26-85 0-3.74 1-4.89 4.71-4.86 16.66.17 33.33.22 50 0 4.24-.06 5 1.7 5 5.3-.13 27.67 0 55.33-.33 83-.06 4.9 1.23 6.33 6.07 6.28 21-.21 42-.09 63-.07 7.17 0 7.19-.1 7.19-7.23q-.06-132.75 0-265.48c0-10.62.15-10.63-10.4-10.63H104.43c-6.67 0-13.34-.05-20 .14-3.29.1-5-.78-4.83-4.44.21-4.66.15-9.34 0-14-.09-3 1.27-4.25 4.16-4.22q6.5.07 13 .07l405.48.07c6.93 0 7-.12 7-6.93q0-87.75.07-175.49c0-5.91-.85-6.86-7-6.84-16.83 0-33.66.12-50.49.12h-361c-13 0-11 1.69-11.21-11-.1-7.47 0-7.49 7.29-7.48q117.74.09 235.46.17h181c4.7 0 6-2 6-6.37-.14-19.49-.06-39-.05-58.49 0-7.56 0-7.55-7.4-7.55Z\"><\/path><\/svg>\t\t\t<\/div>\n\t\t<\/div>\n\t\t\t\t\t\t<\/div>\n\t\t\t\t<\/div>\n\t\t\t\t<div class=\"elementor-element elementor-element-e9870f7 elementor-widget__width-initial elementor-widget elementor-widget-heading\" data-id=\"e9870f7\" data-element_type=\"widget\" data-widget_type=\"heading.default\">\n\t\t\t\t<div class=\"elementor-widget-container\">\n\t\t\t\t\t<h2 class=\"elementor-heading-title elementor-size-default\">Social influencer partnership<\/h2>\t\t\t\t<\/div>\n\t\t\t\t<\/div>\n\t\t\t\t<div class=\"elementor-element elementor-element-00aafba elementor-icon-list--layout-inline elementor-align-center elementor-widget__width-initial elementor-list-item-link-full_width elementor-widget elementor-widget-icon-list\" data-id=\"00aafba\" data-element_type=\"widget\" data-widget_type=\"icon-list.default\">\n\t\t\t\t<div class=\"elementor-widget-container\">\n\t\t\t\t\t\t\t<ul class=\"elementor-icon-list-items elementor-inline-items\">\n\t\t\t\t\t\t\t<li class=\"elementor-icon-list-item elementor-inline-item\">\n\t\t\t\t\t\t\t\t\t\t\t<a href=\"https:\/\/gfcie75.com\/en\">\n\n\t\t\t\t\t\t\t\t\t\t\t<span class=\"elementor-icon-list-text\">Welcome<\/span>\n\t\t\t\t\t\t\t\t\t\t\t<\/a>\n\t\t\t\t\t\t\t\t\t<\/li>\n\t\t\t\t\t\t\t\t<li class=\"elementor-icon-list-item elementor-inline-item\">\n\t\t\t\t\t\t\t\t\t\t\t<a href=\"https:\/\/gfcie75.com\/en\/partenariat-social-influenceur\/\">\n\n\t\t\t\t\t\t\t\t\t\t\t\t<span class=\"elementor-icon-list-icon\">\n\t\t\t\t\t\t\t<svg aria-hidden=\"true\" class=\"e-font-icon-svg e-fas-arrow-right\" viewbox=\"0 0 448 512\" xmlns=\"http:\/\/www.w3.org\/2000\/svg\"><path d=\"M190.5 66.9l22.2-22.2c9.4-9.4 24.6-9.4 33.9 0L441 239c9.4 9.4 9.4 24.6 0 33.9L246.6 467.3c-9.4 9.4-24.6 9.4-33.9 0l-22.2-22.2c-9.5-9.5-9.3-25 .4-34.3L311.4 296H24c-13.3 0-24-10.7-24-24v-32c0-13.3 10.7-24 24-24h287.4L190.9 101.2c-9.8-9.3-10-24.8-.4-34.3z\"><\/path><\/svg>\t\t\t\t\t\t<\/span>\n\t\t\t\t\t\t\t\t\t\t<span class=\"elementor-icon-list-text\">Social influencer partnership<\/span>\n\t\t\t\t\t\t\t\t\t\t\t<\/a>\n\t\t\t\t\t\t\t\t\t<\/li>\n\t\t\t\t\t\t<\/ul>\n\t\t\t\t\t\t<\/div>\n\t\t\t\t<\/div>\n\t\t\t\t<\/div>\n\t\t\t\t\t<\/div>\n\t\t\t\t<\/div>\n\t\t<div class=\"elementor-element elementor-element-a6c3bff e-flex e-con-boxed e-con e-parent\" data-id=\"a6c3bff\" data-element_type=\"container\" data-settings=\"{&quot;background_background&quot;:&quot;classic&quot;}\">\n\t\t\t\t\t<div class=\"e-con-inner\">\n\t\t\t\t<div class=\"elementor-element elementor-element-c246b49 elementor-widget elementor-widget-heading\" data-id=\"c246b49\" data-element_type=\"widget\" data-widget_type=\"heading.default\">\n\t\t\t\t<div class=\"elementor-widget-container\">\n\t\t\t\t\t<h2 class=\"elementor-heading-title elementor-size-default\">Together, let&#039;s build a future where everyone finds their place and no one is left behind.\n<\/h2>\t\t\t\t<\/div>\n\t\t\t\t<\/div>\n\t\t\t\t<div class=\"elementor-element elementor-element-0130359 elementor-widget elementor-widget-heading\" data-id=\"0130359\" data-element_type=\"widget\" data-widget_type=\"heading.default\">\n\t\t\t\t<div class=\"elementor-widget-container\">\n\t\t\t\t\t<h2 class=\"elementor-heading-title elementor-size-default\">Support our work with a donation of \u20ac2 or more.<\/h2>\t\t\t\t<\/div>\n\t\t\t\t<\/div>\n\t\t\t\t<div class=\"elementor-element elementor-element-37e1f5e elementor-widget elementor-widget-html\" data-id=\"37e1f5e\" data-element_type=\"widget\" data-widget_type=\"html.default\">\n\t\t\t\t<div class=\"elementor-widget-container\">\n\t\t\t\t\t<center><script async\n  src=\"https:\/\/js.stripe.com\/v3\/buy-button.js\">\n<\/script>\n\n<stripe-buy-button\n  buy-button-id=\"buy_btn_1RyCnELRN93A08S19jZ577pa\"\n  publishable-key=\"pk_live_51PgXlRLRN93A08S1P9ZZ26JFr7eBiNjPrFf5szm1U1eWaCLbLSClkny1nb1CegpmN6f2VRhiV6jD1VfunLEqUP9800KhRYW3NK\"\n>\n<\/stripe-buy-button><\/center>\t\t\t\t<\/div>\n\t\t\t\t<\/div>\n\t\t\t\t<div class=\"elementor-element elementor-element-e757159 elementor-widget elementor-widget-text-editor\" data-id=\"e757159\" data-element_type=\"widget\" data-widget_type=\"text-editor.default\">\n\t\t\t\t<div class=\"elementor-widget-container\">\n\t\t\t\t\t\t\t\t\t<div>Your fame, determination, passion, and success are examples that build admiration among your followers.<br \/>Your leadership will be the spearhead for a strong and sovereign Africa.<br \/>Your followers will contribute to supporting noble causes for the economic and social development of the continent.<\/div>\t\t\t\t\t\t\t\t<\/div>\n\t\t\t\t<\/div>\n\t\t\t\t<div class=\"elementor-element elementor-element-148dcc8 spkdv_link elementor-widget elementor-widget-heading\" data-id=\"148dcc8\" data-element_type=\"widget\" data-widget_type=\"heading.default\">\n\t\t\t\t<div class=\"elementor-widget-container\">\n\t\t\t\t\t<h2 class=\"elementor-heading-title elementor-size-default\"><a href=\"https:\/\/gfcie75.com\/en\/contactez-nous\/\">Influencers, contact us<\/a><\/h2>\t\t\t\t<\/div>\n\t\t\t\t<\/div>\n\t\t<div class=\"elementor-element elementor-element-86bf71f e-con-full e-flex e-con e-child\" data-id=\"86bf71f\" data-element_type=\"container\">\n\t\t<div class=\"elementor-element elementor-element-74ff796 e-grid e-con-full e-con e-child\" data-id=\"74ff796\" data-element_type=\"container\">\n\t\t<div class=\"elementor-element elementor-element-3cd9561 e-con-full e-flex e-con e-child\" data-id=\"3cd9561\" data-element_type=\"container\">\n\t\t\t\t<div class=\"elementor-element elementor-element-e714255 elementor-widget elementor-widget-image\" data-id=\"e714255\" data-element_type=\"widget\" data-widget_type=\"image.default\">\n\t\t\t\t<div class=\"elementor-widget-container\">\n\t\t\t\t\t\t\t\t\t\t\t\t\t\t\t\t<a href=\"https:\/\/gfcie75.com\/en\/une-femme-un-avenir\/\">\n\t\t\t\t\t\t\t<img fetchpriority=\"high\" decoding=\"async\" width=\"576\" height=\"597\" src=\"https:\/\/gfcie75.com\/wp-content\/uploads\/2025\/06\/femme-avenir.png\" class=\"attachment-large size-large wp-image-209\" alt=\"\" srcset=\"https:\/\/gfcie75.com\/wp-content\/uploads\/2025\/06\/femme-avenir.png 576w, https:\/\/gfcie75.com\/wp-content\/uploads\/2025\/06\/femme-avenir-289x300.png 289w\" sizes=\"(max-width: 576px) 100vw, 576px\" \/>\t\t\t\t\t\t\t\t<\/a>\n\t\t\t\t\t\t\t\t\t\t\t\t\t\t\t<\/div>\n\t\t\t\t<\/div>\n\t\t\t\t<div class=\"elementor-element elementor-element-93f7789 elementor-widget elementor-widget-heading\" data-id=\"93f7789\" data-element_type=\"widget\" data-widget_type=\"heading.default\">\n\t\t\t\t<div class=\"elementor-widget-container\">\n\t\t\t\t\t<h2 class=\"elementor-heading-title elementor-size-default\"><a href=\"https:\/\/gfcie75.com\/en\/une-femme-un-avenir\/\">One Woman, One Future<\/a><\/h2>\t\t\t\t<\/div>\n\t\t\t\t<\/div>\n\t\t\t\t<\/div>\n\t\t<div class=\"elementor-element elementor-element-434c666 e-con-full e-flex e-con e-child\" data-id=\"434c666\" data-element_type=\"container\">\n\t\t\t\t<div class=\"elementor-element elementor-element-5ea4b11 elementor-widget elementor-widget-image\" data-id=\"5ea4b11\" data-element_type=\"widget\" data-widget_type=\"image.default\">\n\t\t\t\t<div class=\"elementor-widget-container\">\n\t\t\t\t\t\t\t\t\t\t\t\t\t\t\t\t<a href=\"https:\/\/gfcie75.com\/en\/une-plume-un-ideal-pour-lafrique\/\">\n\t\t\t\t\t\t\t<img decoding=\"async\" width=\"570\" height=\"597\" src=\"https:\/\/gfcie75.com\/wp-content\/uploads\/2025\/06\/plume-afrique.png\" class=\"attachment-large size-large wp-image-210\" alt=\"\" srcset=\"https:\/\/gfcie75.com\/wp-content\/uploads\/2025\/06\/plume-afrique.png 570w, https:\/\/gfcie75.com\/wp-content\/uploads\/2025\/06\/plume-afrique-286x300.png 286w\" sizes=\"(max-width: 570px) 100vw, 570px\" \/>\t\t\t\t\t\t\t\t<\/a>\n\t\t\t\t\t\t\t\t\t\t\t\t\t\t\t<\/div>\n\t\t\t\t<\/div>\n\t\t\t\t<div class=\"elementor-element elementor-element-fdcaedc elementor-widget elementor-widget-heading\" data-id=\"fdcaedc\" data-element_type=\"widget\" data-widget_type=\"heading.default\">\n\t\t\t\t<div class=\"elementor-widget-container\">\n\t\t\t\t\t<h2 class=\"elementor-heading-title elementor-size-default\"><a href=\"https:\/\/gfcie75.com\/en\/une-plume-un-ideal-pour-lafrique\/\">A pen, an ideal for Africa<\/a><\/h2>\t\t\t\t<\/div>\n\t\t\t\t<\/div>\n\t\t\t\t<\/div>\n\t\t<div class=\"elementor-element elementor-element-abddf61 e-con-full e-flex e-con e-child\" data-id=\"abddf61\" data-element_type=\"container\">\n\t\t\t\t<div class=\"elementor-element elementor-element-cc707d3 elementor-widget elementor-widget-image\" data-id=\"cc707d3\" data-element_type=\"widget\" data-widget_type=\"image.default\">\n\t\t\t\t<div class=\"elementor-widget-container\">\n\t\t\t\t\t\t\t\t\t\t\t\t\t\t\t\t<a href=\"https:\/\/gfcie75.com\/en\/humanity-art-fund\/\">\n\t\t\t\t\t\t\t<img decoding=\"async\" width=\"573\" height=\"597\" src=\"https:\/\/gfcie75.com\/wp-content\/uploads\/2025\/06\/humanity.png\" class=\"attachment-large size-large wp-image-211\" alt=\"\" srcset=\"https:\/\/gfcie75.com\/wp-content\/uploads\/2025\/06\/humanity.png 573w, https:\/\/gfcie75.com\/wp-content\/uploads\/2025\/06\/humanity-288x300.png 288w\" sizes=\"(max-width: 573px) 100vw, 573px\" \/>\t\t\t\t\t\t\t\t<\/a>\n\t\t\t\t\t\t\t\t\t\t\t\t\t\t\t<\/div>\n\t\t\t\t<\/div>\n\t\t\t\t<div class=\"elementor-element elementor-element-9902b1f elementor-widget elementor-widget-heading\" data-id=\"9902b1f\" data-element_type=\"widget\" data-widget_type=\"heading.default\">\n\t\t\t\t<div class=\"elementor-widget-container\">\n\t\t\t\t\t<h2 class=\"elementor-heading-title elementor-size-default\"><a href=\"https:\/\/gfcie75.com\/en\/humanity-art-fund\/\">Humanity Art Fund<\/a><\/h2>\t\t\t\t<\/div>\n\t\t\t\t<\/div>\n\t\t\t\t<\/div>\n\t\t<div class=\"elementor-element elementor-element-c94de13 e-con-full e-flex e-con e-child\" data-id=\"c94de13\" data-element_type=\"container\">\n\t\t\t\t<div class=\"elementor-element elementor-element-1bbbbe9 elementor-widget elementor-widget-image\" data-id=\"1bbbbe9\" data-element_type=\"widget\" data-widget_type=\"image.default\">\n\t\t\t\t<div class=\"elementor-widget-container\">\n\t\t\t\t\t\t\t\t\t\t\t\t\t\t\t\t<a href=\"https:\/\/gfcie75.com\/en\/the-new-world-fashion-fund\/\">\n\t\t\t\t\t\t\t<img loading=\"lazy\" decoding=\"async\" width=\"570\" height=\"597\" src=\"https:\/\/gfcie75.com\/wp-content\/uploads\/2025\/06\/world-fashion.jpg\" class=\"attachment-large size-large wp-image-212\" alt=\"\" srcset=\"https:\/\/gfcie75.com\/wp-content\/uploads\/2025\/06\/world-fashion.jpg 570w, https:\/\/gfcie75.com\/wp-content\/uploads\/2025\/06\/world-fashion-286x300.jpg 286w\" sizes=\"(max-width: 570px) 100vw, 570px\" \/>\t\t\t\t\t\t\t\t<\/a>\n\t\t\t\t\t\t\t\t\t\t\t\t\t\t\t<\/div>\n\t\t\t\t<\/div>\n\t\t\t\t<div class=\"elementor-element elementor-element-8a04f4b elementor-widget elementor-widget-heading\" data-id=\"8a04f4b\" data-element_type=\"widget\" data-widget_type=\"heading.default\">\n\t\t\t\t<div class=\"elementor-widget-container\">\n\t\t\t\t\t<h2 class=\"elementor-heading-title elementor-size-default\"><a href=\"https:\/\/gfcie75.com\/en\/the-new-world-fashion-fund\/\">The New World Fashion Fund<\/a><\/h2>\t\t\t\t<\/div>\n\t\t\t\t<\/div>\n\t\t\t\t<\/div>\n\t\t\t\t<\/div>\n\t\t\t\t<\/div>\n\t\t\t\t<div class=\"elementor-element elementor-element-9c038c8 elementor-widget elementor-widget-text-editor\" data-id=\"9c038c8\" data-element_type=\"widget\" data-widget_type=\"text-editor.default\">\n\t\t\t\t<div class=\"elementor-widget-container\">\n\t\t\t\t\t\t\t\t\t<div><span style=\"font-size: 1rem;\">Together, any dream can come true.<\/span><\/div><div>I am thinking especially of this little 10-year-old Senegalese girl named Inna who tells me, with wonder in her eyes, that she wants to become an airline pilot when she grows up.<\/div><div>\u00a0<\/div><div>Profession highlighted in &quot;One Woman, One Future&quot; with Captain Irene Koki Muntungi, a professional pilot in Kenya, the largest economy in the East African Community.<\/div><div>She was the first woman on the African continent to pilot a Boeing 787 Dreamliner.\u00a0<\/div>\t\t\t\t\t\t\t\t<\/div>\n\t\t\t\t<\/div>\n\t\t\t\t<div class=\"elementor-element elementor-element-e432d91 elementor-widget elementor-widget-heading\" data-id=\"e432d91\" data-element_type=\"widget\" data-widget_type=\"heading.default\">\n\t\t\t\t<div class=\"elementor-widget-container\">\n\t\t\t\t\t<h2 class=\"elementor-heading-title elementor-size-default\">The Social Influencer Partnership does not entitle French citizens to receive CERFA form no. 11580, nor does it entitle foreign citizens to any tax reduction. \n\n<\/h2>\t\t\t\t<\/div>\n\t\t\t\t<\/div>\n\t\t\t\t\t<\/div>\n\t\t\t\t<\/div>\n\t\t\t\t<\/div>","protected":false},"excerpt":{"rendered":"<p>Accueil Ensemble, construisons un avenir o\u00f9 chacun trouve sa place et o\u00f9 personne n&rsquo;est laiss\u00e9 pour compte. Soutenez notre action [&hellip;]<\/p>\n","protected":false},"author":1,"featured_media":0,"parent":0,"menu_order":0,"comment_status":"closed","ping_status":"closed","template":"","meta":{"site-sidebar-layout":"no-sidebar","site-content-layout":"","ast-site-content-layout":"full-width-container","site-content-style":"default","site-sidebar-style":"default","ast-global-header-display":"","ast-banner-title-visibility":"","ast-main-header-display":"","ast-hfb-above-header-display":"","ast-hfb-below-header-display":"","ast-hfb-mobile-header-display":"","site-post-title":"disabled","ast-breadcrumbs-content":"","ast-featured-img":"disabled","footer-sml-layout":"","ast-disable-related-posts":"","theme-transparent-header-meta":"","adv-header-id-meta":"","stick-header-meta":"","header-above-stick-meta":"","header-main-stick-meta":"","header-below-stick-meta":"","astra-migrate-meta-layouts":"default","ast-page-background-enabled":"default","ast-page-background-meta":{"desktop":{"background-color":"var(--ast-global-color-5)","background-image":"","background-repeat":"repeat","background-position":"center center","background-size":"auto","background-attachment":"scroll","background-type":"","background-media":"","overlay-type":"","overlay-color":"","overlay-opacity":"","overlay-gradient":""},"tablet":{"background-color":"","background-image":"","background-repeat":"repeat","background-position":"center center","background-size":"auto","background-attachment":"scroll","background-type":"","background-media":"","overlay-type":"","overlay-color":"","overlay-opacity":"","overlay-gradient":""},"mobile":{"background-color":"","background-image":"","background-repeat":"repeat","background-position":"center center","background-size":"auto","background-attachment":"scroll","background-type":"","background-media":"","overlay-type":"","overlay-color":"","overlay-opacity":"","overlay-gradient":""}},"ast-content-background-meta":{"desktop":{"background-color":"var(--ast-global-color-4)","background-image":"","background-repeat":"repeat","background-position":"center center","background-size":"auto","background-attachment":"scroll","background-type":"","background-media":"","overlay-type":"","overlay-color":"","overlay-opacity":"","overlay-gradient":""},"tablet":{"background-color":"var(--ast-global-color-4)","background-image":"","background-repeat":"repeat","background-position":"center center","background-size":"auto","background-attachment":"scroll","background-type":"","background-media":"","overlay-type":"","overlay-color":"","overlay-opacity":"","overlay-gradient":""},"mobile":{"background-color":"var(--ast-global-color-4)","background-image":"","background-repeat":"repeat","background-position":"center center","background-size":"auto","background-attachment":"scroll","background-type":"","background-media":"","overlay-type":"","overlay-color":"","overlay-opacity":"","overlay-gradient":""}},"footnotes":""},"class_list":["post-2782","page","type-page","status-publish","hentry"],"_links":{"self":[{"href":"https:\/\/gfcie75.com\/en\/wp-json\/wp\/v2\/pages\/2782","targetHints":{"allow":["GET"]}}],"collection":[{"href":"https:\/\/gfcie75.com\/en\/wp-json\/wp\/v2\/pages"}],"about":[{"href":"https:\/\/gfcie75.com\/en\/wp-json\/wp\/v2\/types\/page"}],"author":[{"embeddable":true,"href":"https:\/\/gfcie75.com\/en\/wp-json\/wp\/v2\/users\/1"}],"replies":[{"embeddable":true,"href":"https:\/\/gfcie75.com\/en\/wp-json\/wp\/v2\/comments?post=2782"}],"version-history":[{"count":91,"href":"https:\/\/gfcie75.com\/en\/wp-json\/wp\/v2\/pages\/2782\/revisions"}],"predecessor-version":[{"id":3485,"href":"https:\/\/gfcie75.com\/en\/wp-json\/wp\/v2\/pages\/2782\/revisions\/3485"}],"wp:attachment":[{"href":"https:\/\/gfcie75.com\/en\/wp-json\/wp\/v2\/media?parent=2782"}],"curies":[{"name":"wp","href":"https:\/\/api.w.org\/{rel}","templated":true}]}}