{"id":1481,"date":"2025-07-26T01:25:57","date_gmt":"2025-07-25T23:25:57","guid":{"rendered":"https:\/\/new.gfcie75.com\/?page_id=1481"},"modified":"2025-09-19T10:38:28","modified_gmt":"2025-09-19T08:38:28","slug":"societes-holdings","status":"publish","type":"page","link":"https:\/\/gfcie75.com\/en\/societes-holdings\/","title":{"rendered":"Companies &amp; Holdings"},"content":{"rendered":"<div data-elementor-type=\"wp-page\" data-elementor-id=\"1481\" class=\"elementor elementor-1481\" data-elementor-post-type=\"page\">\n\t\t\t\t<div class=\"elementor-element elementor-element-4f02c53 e-flex e-con-boxed e-con e-parent\" data-id=\"4f02c53\" data-element_type=\"container\">\n\t\t\t\t\t<div class=\"e-con-inner\">\n\t\t<div class=\"elementor-element elementor-element-a0aa2d2 e-con-full e-flex e-con e-child\" data-id=\"a0aa2d2\" data-element_type=\"container\" data-settings=\"{&quot;background_background&quot;:&quot;classic&quot;}\">\n\t\t\t\t<div class=\"elementor-element elementor-element-51aa437 elementor-widget__width-initial elementor-widget elementor-widget-heading\" data-id=\"51aa437\" data-element_type=\"widget\" data-widget_type=\"heading.default\">\n\t\t\t\t<div class=\"elementor-widget-container\">\n\t\t\t\t\t<h2 class=\"elementor-heading-title elementor-size-default\">Companies &amp; Holdings<\/h2>\t\t\t\t<\/div>\n\t\t\t\t<\/div>\n\t\t\t\t<div class=\"elementor-element elementor-element-68b7e13 elementor-icon-list--layout-inline elementor-align-center elementor-widget__width-initial elementor-list-item-link-full_width elementor-widget elementor-widget-icon-list\" data-id=\"68b7e13\" data-element_type=\"widget\" data-widget_type=\"icon-list.default\">\n\t\t\t\t<div class=\"elementor-widget-container\">\n\t\t\t\t\t\t\t<ul class=\"elementor-icon-list-items elementor-inline-items\">\n\t\t\t\t\t\t\t<li class=\"elementor-icon-list-item elementor-inline-item\">\n\t\t\t\t\t\t\t\t\t\t\t<a href=\"https:\/\/gfcie75.com\/en\">\n\n\t\t\t\t\t\t\t\t\t\t\t<span class=\"elementor-icon-list-text\">Welcome<\/span>\n\t\t\t\t\t\t\t\t\t\t\t<\/a>\n\t\t\t\t\t\t\t\t\t<\/li>\n\t\t\t\t\t\t\t\t<li class=\"elementor-icon-list-item elementor-inline-item\">\n\t\t\t\t\t\t\t\t\t\t\t<a href=\"https:\/\/gfcie75.com\/en\/faire-un-don\/\">\n\n\t\t\t\t\t\t\t\t\t\t\t\t<span class=\"elementor-icon-list-icon\">\n\t\t\t\t\t\t\t<svg aria-hidden=\"true\" class=\"e-font-icon-svg e-fas-arrow-right\" viewbox=\"0 0 448 512\" xmlns=\"http:\/\/www.w3.org\/2000\/svg\"><path d=\"M190.5 66.9l22.2-22.2c9.4-9.4 24.6-9.4 33.9 0L441 239c9.4 9.4 9.4 24.6 0 33.9L246.6 467.3c-9.4 9.4-24.6 9.4-33.9 0l-22.2-22.2c-9.5-9.5-9.3-25 .4-34.3L311.4 296H24c-13.3 0-24-10.7-24-24v-32c0-13.3 10.7-24 24-24h287.4L190.9 101.2c-9.8-9.3-10-24.8-.4-34.3z\"><\/path><\/svg>\t\t\t\t\t\t<\/span>\n\t\t\t\t\t\t\t\t\t\t<span class=\"elementor-icon-list-text\">Make a donation<\/span>\n\t\t\t\t\t\t\t\t\t\t\t<\/a>\n\t\t\t\t\t\t\t\t\t<\/li>\n\t\t\t\t\t\t\t\t<li class=\"elementor-icon-list-item elementor-inline-item\">\n\t\t\t\t\t\t\t\t\t\t\t<a href=\"https:\/\/gfcie75.com\/en\/societes-holdings\/\">\n\n\t\t\t\t\t\t\t\t\t\t\t\t<span class=\"elementor-icon-list-icon\">\n\t\t\t\t\t\t\t<svg aria-hidden=\"true\" class=\"e-font-icon-svg e-fas-arrow-right\" viewbox=\"0 0 448 512\" xmlns=\"http:\/\/www.w3.org\/2000\/svg\"><path d=\"M190.5 66.9l22.2-22.2c9.4-9.4 24.6-9.4 33.9 0L441 239c9.4 9.4 9.4 24.6 0 33.9L246.6 467.3c-9.4 9.4-24.6 9.4-33.9 0l-22.2-22.2c-9.5-9.5-9.3-25 .4-34.3L311.4 296H24c-13.3 0-24-10.7-24-24v-32c0-13.3 10.7-24 24-24h287.4L190.9 101.2c-9.8-9.3-10-24.8-.4-34.3z\"><\/path><\/svg>\t\t\t\t\t\t<\/span>\n\t\t\t\t\t\t\t\t\t\t<span class=\"elementor-icon-list-text\">Companies &amp; Holdings<\/span>\n\t\t\t\t\t\t\t\t\t\t\t<\/a>\n\t\t\t\t\t\t\t\t\t<\/li>\n\t\t\t\t\t\t<\/ul>\n\t\t\t\t\t\t<\/div>\n\t\t\t\t<\/div>\n\t\t\t\t<\/div>\n\t\t\t\t\t<\/div>\n\t\t\t\t<\/div>\n\t\t<div class=\"elementor-element elementor-element-dac0348 e-flex e-con-boxed e-con e-parent\" data-id=\"dac0348\" data-element_type=\"container\">\n\t\t\t\t\t<div class=\"e-con-inner\">\n\t\t\t\t<div class=\"elementor-element elementor-element-c66efa7 elementor-widget elementor-widget-text-editor\" data-id=\"c66efa7\" data-element_type=\"widget\" data-widget_type=\"text-editor.default\">\n\t\t\t\t<div class=\"elementor-widget-container\">\n\t\t\t\t\t\t\t\t\t<div class=\"elementor-element elementor-element-b355fe8 e-flex e-con-boxed e-con e-parent e-lazyloaded\" data-id=\"b355fe8\" data-element_type=\"container\"><div class=\"e-con-inner\"><div class=\"elementor-element elementor-element-96c6765 elementor-widget elementor-widget-text-editor\" data-id=\"96c6765\" data-element_type=\"widget\" data-widget_type=\"text-editor.default\"><div class=\"elementor-widget-container\"><p>The tax reduction granted to the company is subtracted from the amount of tax due in the year of the donation. It does not matter whether the company is subject to the<a href=\"https:\/\/entreprendre.service-public.fr\/vosdroits\/F23575\">corporate tax (IS)<\/a>\u00a0or to the<a href=\"https:\/\/entreprendre.service-public.fr\/vosdroits\/F23629\">income tax (IR)<\/a>.<\/p><p><span style=\"font-style: inherit; font-weight: inherit;\">The rate of the reduction varies depending on the organization receiving the donation.<\/span><\/p><p><span style=\"font-style: inherit;\"><b><u>General case<\/u><\/b><\/span><\/p><p>The company benefits from a tax reduction equal to one of the following amounts:<\/p><p>60 % of the amount of the donation for the fraction less than or equal to \u20ac2,000,000<\/p><p>40 % for the part of the donation exceeding \u20ac2,000,000<\/p><p>However, the amount of donations retained for the calculation of the reduction cannot exceed, over the same financial year, a ceiling of \u20ac20,000 or 0.5 % of the annual turnover excluding tax of the donating company if the latter amount is higher.<\/p><p>When the ceiling is exceeded during a financial year, the excess donation is spread over a maximum of 5 financial years, after taking into account any new donations made during these financial years. The rate applied to this excess is the rate applied to the initial amount.<\/p><p><u>Example :<\/u><\/p><p><b><u>1\/ A company makes donations of an amount equal to \u20ac46,000 during accounting year N.<\/u><\/b><\/p><p>Its annual turnover excluding tax is equal to \u20ac5,500,000.<\/p><p>The ceiling applicable to this exercise is therefore set at 0.5 % of its turnover excluding tax (\u20ac27,500).<\/p><p>For this accounting year, the company benefits from a tax reduction equal to 60<strong>\u00a0%<\/strong>\u00a0from \u20ac27,500\u00a0<\/p><p>(the ceiling) = \u20ac16,500 reduction.<\/p><p>The excess donation equal to \u20ac18,500 (\u20ac46,000 \u2013 \u20ac27,500) can then be taken into account during the next accounting year N+1.<\/p><p><b><u>2\/. During the following financial year N+1, the company makes donations amounting to \u20ac20,000.<\/u><\/b><\/p><p>Its turnover excluding tax rose to \u20ac8,000,000.<\/p><p>The ceiling applicable to this exercise is therefore set at 0.5 % of its turnover excluding tax (\u20ac40,000).<\/p><p>For this accounting year, the company benefits from a tax reduction equal to 60 % of \u20ac20,000 + 60\u00a0<strong>%<\/strong>\u00a0of \u20ac18,500 (surplus from the previous financial year) = \u20ac23,100 tax reduction for financial year N+1.<\/p><p><u><b>Form of donation<\/b><\/u><\/p><p>Your company can donate in three different ways:<\/p><ul><li>Cash donation: this is the donation of money by your company.<\/li><li>Donation in kind: this is the donation of goods by your company.<\/li><li>Donation of skills: this is the provision of your company&#039;s employees to associations.<\/li><\/ul><p>In the case of the secondment of an employee, the value of the donation will be calculated in relation to the cost that the employee represents to the company during the period of secondment.<\/p><p><u>Example :<\/u><\/p><p>If an employee paid \u20ac2,000 gross per month is made available to an association for 2 days, the value of the donation will be calculated as follows:<\/p><p>2000 x 1.45 x 2\/22 = \u20ac264.<\/p><p><u><b>Attention<\/b><em><b>\u00a0:<\/b><\/em><\/u><span style=\"font-style: inherit; font-weight: inherit;\"><br \/>Donations for patronage that qualify for tax credits are not tax deductible! This means that the State is not giving you a &quot;double gift.&quot;<\/span><\/p><p>The tax credit linked to the donation, equivalent to a form of reimbursement, the State considers that the expense which gave rise to it (the donation), is not deductible from taxable income. It must therefore be &quot;reintegrated&quot; into your taxable profit when calculating your income tax,<\/p><p>The payment of a donation is not subject to VAT<\/p><p>Reporting obligations<\/p><p>Justification of the donation<\/p><p>Unlike donations made by individuals, the benefit of the tax reduction is not conditional on the production of a receipt by the beneficiary.<\/p><p>It is up to the donor company, in the event of an audit, to prove the reality of the donation (amount of the payment, identity of the beneficiary, nature and date of the payment, physical description in the case of a donation in kind).<\/p><p>As proof, the beneficiary of the donation can issue the donor a tax receipt according to Cerfa model no. 11580*03.<span style=\"text-align: center; font-size: 1rem;\">\u00a0<\/span><\/p><\/div><\/div><\/div><\/div>\t\t\t\t\t\t\t\t<\/div>\n\t\t\t\t<\/div>\n\t\t\t\t<div class=\"elementor-element elementor-element-4e173c7 elementor-widget elementor-widget-image\" data-id=\"4e173c7\" data-element_type=\"widget\" data-widget_type=\"image.default\">\n\t\t\t\t<div class=\"elementor-widget-container\">\n\t\t\t\t\t\t\t\t\t\t\t\t\t\t\t<img fetchpriority=\"high\" decoding=\"async\" width=\"1024\" height=\"595\" src=\"https:\/\/gfcie75.com\/wp-content\/uploads\/2025\/08\/creation-societe-offshore-1024x595.jpg\" class=\"attachment-large size-large wp-image-3258\" alt=\"\" srcset=\"https:\/\/gfcie75.com\/wp-content\/uploads\/2025\/08\/creation-societe-offshore-1024x595.jpg 1024w, https:\/\/gfcie75.com\/wp-content\/uploads\/2025\/08\/creation-societe-offshore-300x174.jpg 300w, https:\/\/gfcie75.com\/wp-content\/uploads\/2025\/08\/creation-societe-offshore-768x446.jpg 768w, https:\/\/gfcie75.com\/wp-content\/uploads\/2025\/08\/creation-societe-offshore-1536x892.jpg 1536w, https:\/\/gfcie75.com\/wp-content\/uploads\/2025\/08\/creation-societe-offshore-18x10.jpg 18w, https:\/\/gfcie75.com\/wp-content\/uploads\/2025\/08\/creation-societe-offshore-600x349.jpg 600w, https:\/\/gfcie75.com\/wp-content\/uploads\/2025\/08\/creation-societe-offshore.jpg 2000w\" sizes=\"(max-width: 1024px) 100vw, 1024px\" \/>\t\t\t\t\t\t\t\t\t\t\t\t\t\t\t<\/div>\n\t\t\t\t<\/div>\n\t\t\t\t<div class=\"elementor-element elementor-element-b9d1b2e spkdv_link elementor-widget elementor-widget-text-editor\" data-id=\"b9d1b2e\" data-element_type=\"widget\" data-widget_type=\"text-editor.default\">\n\t\t\t\t<div class=\"elementor-widget-container\">\n\t\t\t\t\t\t\t\t\t<a href=\"https:\/\/www.service-public.fr\/professionnels-entreprises\/vosdroits\/F22263\"><strong>Corporate sponsorship and donations to associations. Service-public.fr<\/strong><\/a>\t\t\t\t\t\t\t\t<\/div>\n\t\t\t\t<\/div>\n\t\t\t\t<div class=\"elementor-element elementor-element-14d96e7 elementor-align-center elementor-widget elementor-widget-button\" data-id=\"14d96e7\" data-element_type=\"widget\" data-widget_type=\"button.default\">\n\t\t\t\t<div class=\"elementor-widget-container\">\n\t\t\t\t\t\t\t\t\t<div class=\"elementor-button-wrapper\">\n\t\t\t\t\t<a class=\"elementor-button elementor-button-link elementor-size-sm\" href=\"https:\/\/donate.stripe.com\/aEUaGH1SUaoV97q3cc?locale=fr&#038;__embed_source=buy_btn_1Phu7ZLRN93A08S1sJnGHb25\">\n\t\t\t\t\t\t<span class=\"elementor-button-content-wrapper\">\n\t\t\t\t\t\t<span class=\"elementor-button-icon\">\n\t\t\t\t<svg aria-hidden=\"true\" class=\"e-font-icon-svg e-fab-cc-stripe\" viewbox=\"0 0 576 512\" xmlns=\"http:\/\/www.w3.org\/2000\/svg\"><path d=\"M492.4 220.8c-8.9 0-18.7 6.7-18.7 22.7h36.7c0-16-9.3-22.7-18-22.7zM375 223.4c-8.2 0-13.3 2.9-17 7l.2 52.8c3.5 3.7 8.5 6.7 16.8 6.7 13.1 0 21.9-14.3 21.9-33.4 0-18.6-9-33.2-21.9-33.1zM528 32H48C21.5 32 0 53.5 0 80v352c0 26.5 21.5 48 48 48h480c26.5 0 48-21.5 48-48V80c0-26.5-21.5-48-48-48zM122.2 281.1c0 25.6-20.3 40.1-49.9 40.3-12.2 0-25.6-2.4-38.8-8.1v-33.9c12 6.4 27.1 11.3 38.9 11.3 7.9 0 13.6-2.1 13.6-8.7 0-17-54-10.6-54-49.9 0-25.2 19.2-40.2 48-40.2 11.8 0 23.5 1.8 35.3 6.5v33.4c-10.8-5.8-24.5-9.1-35.3-9.1-7.5 0-12.1 2.2-12.1 7.7 0 16 54.3 8.4 54.3 50.7zm68.8-56.6h-27V275c0 20.9 22.5 14.4 27 12.6v28.9c-4.7 2.6-13.3 4.7-24.9 4.7-21.1 0-36.9-15.5-36.9-36.5l.2-113.9 34.7-7.4v30.8H191zm74 2.4c-4.5-1.5-18.7-3.6-27.1 7.4v84.4h-35.5V194.2h30.7l2.2 10.5c8.3-15.3 24.9-12.2 29.6-10.5h.1zm44.1 91.8h-35.7V194.2h35.7zm0-142.9l-35.7 7.6v-28.9l35.7-7.6zm74.1 145.5c-12.4 0-20-5.3-25.1-9l-.1 40.2-35.5 7.5V194.2h31.3l1.8 8.8c4.9-4.5 13.9-11.1 27.8-11.1 24.9 0 48.4 22.5 48.4 63.8 0 45.1-23.2 65.5-48.6 65.6zm160.4-51.5h-69.5c1.6 16.6 13.8 21.5 27.6 21.5 14.1 0 25.2-3 34.9-7.9V312c-9.7 5.3-22.4 9.2-39.4 9.2-34.6 0-58.8-21.7-58.8-64.5 0-36.2 20.5-64.9 54.3-64.9 33.7 0 51.3 28.7 51.3 65.1 0 3.5-.3 10.9-.4 12.9z\"><\/path><\/svg>\t\t\t<\/span>\n\t\t\t\t\t\t\t\t\t<span class=\"elementor-button-text\">Payment<\/span>\n\t\t\t\t\t<\/span>\n\t\t\t\t\t<\/a>\n\t\t\t\t<\/div>\n\t\t\t\t\t\t\t\t<\/div>\n\t\t\t\t<\/div>\n\t\t\t\t\t<\/div>\n\t\t\t\t<\/div>\n\t\t\t\t<\/div>","protected":false},"excerpt":{"rendered":"<p>Accueil Faire un don La r\u00e9duction d\u2019imp\u00f4t accord\u00e9e \u00e0 l\u2019entreprise vient\u00a0en soustraction du montant d\u2019imp\u00f4t\u00a0d\u00fb lors de l\u2019ann\u00e9e du don. [&hellip;]<\/p>\n","protected":false},"author":1,"featured_media":0,"parent":0,"menu_order":0,"comment_status":"closed","ping_status":"closed","template":"","meta":{"site-sidebar-layout":"no-sidebar","site-content-layout":"","ast-site-content-layout":"full-width-container","site-content-style":"default","site-sidebar-style":"default","ast-global-header-display":"","ast-banner-title-visibility":"","ast-main-header-display":"","ast-hfb-above-header-display":"","ast-hfb-below-header-display":"","ast-hfb-mobile-header-display":"","site-post-title":"disabled","ast-breadcrumbs-content":"","ast-featured-img":"disabled","footer-sml-layout":"","ast-disable-related-posts":"","theme-transparent-header-meta":"","adv-header-id-meta":"","stick-header-meta":"","header-above-stick-meta":"","header-main-stick-meta":"","header-below-stick-meta":"","astra-migrate-meta-layouts":"default","ast-page-background-enabled":"default","ast-page-background-meta":{"desktop":{"background-color":"var(--ast-global-color-5)","background-image":"","background-repeat":"repeat","background-position":"center center","background-size":"auto","background-attachment":"scroll","background-type":"","background-media":"","overlay-type":"","overlay-color":"","overlay-opacity":"","overlay-gradient":""},"tablet":{"background-color":"","background-image":"","background-repeat":"repeat","background-position":"center center","background-size":"auto","background-attachment":"scroll","background-type":"","background-media":"","overlay-type":"","overlay-color":"","overlay-opacity":"","overlay-gradient":""},"mobile":{"background-color":"","background-image":"","background-repeat":"repeat","background-position":"center center","background-size":"auto","background-attachment":"scroll","background-type":"","background-media":"","overlay-type":"","overlay-color":"","overlay-opacity":"","overlay-gradient":""}},"ast-content-background-meta":{"desktop":{"background-color":"var(--ast-global-color-4)","background-image":"","background-repeat":"repeat","background-position":"center center","background-size":"auto","background-attachment":"scroll","background-type":"","background-media":"","overlay-type":"","overlay-color":"","overlay-opacity":"","overlay-gradient":""},"tablet":{"background-color":"var(--ast-global-color-4)","background-image":"","background-repeat":"repeat","background-position":"center center","background-size":"auto","background-attachment":"scroll","background-type":"","background-media":"","overlay-type":"","overlay-color":"","overlay-opacity":"","overlay-gradient":""},"mobile":{"background-color":"var(--ast-global-color-4)","background-image":"","background-repeat":"repeat","background-position":"center center","background-size":"auto","background-attachment":"scroll","background-type":"","background-media":"","overlay-type":"","overlay-color":"","overlay-opacity":"","overlay-gradient":""}},"footnotes":""},"class_list":["post-1481","page","type-page","status-publish","hentry"],"_links":{"self":[{"href":"https:\/\/gfcie75.com\/en\/wp-json\/wp\/v2\/pages\/1481","targetHints":{"allow":["GET"]}}],"collection":[{"href":"https:\/\/gfcie75.com\/en\/wp-json\/wp\/v2\/pages"}],"about":[{"href":"https:\/\/gfcie75.com\/en\/wp-json\/wp\/v2\/types\/page"}],"author":[{"embeddable":true,"href":"https:\/\/gfcie75.com\/en\/wp-json\/wp\/v2\/users\/1"}],"replies":[{"embeddable":true,"href":"https:\/\/gfcie75.com\/en\/wp-json\/wp\/v2\/comments?post=1481"}],"version-history":[{"count":49,"href":"https:\/\/gfcie75.com\/en\/wp-json\/wp\/v2\/pages\/1481\/revisions"}],"predecessor-version":[{"id":3330,"href":"https:\/\/gfcie75.com\/en\/wp-json\/wp\/v2\/pages\/1481\/revisions\/3330"}],"wp:attachment":[{"href":"https:\/\/gfcie75.com\/en\/wp-json\/wp\/v2\/media?parent=1481"}],"curies":[{"name":"wp","href":"https:\/\/api.w.org\/{rel}","templated":true}]}}