{"id":1347,"date":"2025-07-25T19:36:19","date_gmt":"2025-07-25T17:36:19","guid":{"rendered":"https:\/\/new.gfcie75.com\/?page_id=1347"},"modified":"2025-12-23T07:06:17","modified_gmt":"2025-12-23T06:06:17","slug":"devenir-membre-actif-4-euros","status":"publish","type":"page","link":"https:\/\/gfcie75.com\/en\/devenir-membre-actif-4-euros\/","title":{"rendered":"Become an active member 40 euros"},"content":{"rendered":"<div data-elementor-type=\"wp-page\" data-elementor-id=\"1347\" class=\"elementor elementor-1347\" data-elementor-post-type=\"page\">\n\t\t\t\t<div class=\"elementor-element elementor-element-ba93a25 e-flex e-con-boxed e-con e-parent\" data-id=\"ba93a25\" data-element_type=\"container\">\n\t\t\t\t\t<div class=\"e-con-inner\">\n\t\t<div class=\"elementor-element elementor-element-e54c589 e-con-full e-flex e-con e-child\" data-id=\"e54c589\" data-element_type=\"container\" data-settings=\"{&quot;background_background&quot;:&quot;classic&quot;}\">\n\t\t\t\t<div class=\"elementor-element elementor-element-bc7d97f elementor-widget__width-initial elementor-widget elementor-widget-heading\" data-id=\"bc7d97f\" data-element_type=\"widget\" data-widget_type=\"heading.default\">\n\t\t\t\t<div class=\"elementor-widget-container\">\n\t\t\t\t\t<h2 class=\"elementor-heading-title elementor-size-default\">Become an active member 40 euros<\/h2>\t\t\t\t<\/div>\n\t\t\t\t<\/div>\n\t\t\t\t<div class=\"elementor-element elementor-element-6a1f531 elementor-icon-list--layout-inline elementor-align-center elementor-widget__width-initial elementor-list-item-link-full_width elementor-widget elementor-widget-icon-list\" data-id=\"6a1f531\" data-element_type=\"widget\" data-widget_type=\"icon-list.default\">\n\t\t\t\t<div class=\"elementor-widget-container\">\n\t\t\t\t\t\t\t<ul class=\"elementor-icon-list-items elementor-inline-items\">\n\t\t\t\t\t\t\t<li class=\"elementor-icon-list-item elementor-inline-item\">\n\t\t\t\t\t\t\t\t\t\t\t<a href=\"https:\/\/gfcie75.com\/en\">\n\n\t\t\t\t\t\t\t\t\t\t\t<span class=\"elementor-icon-list-text\">Welcome<\/span>\n\t\t\t\t\t\t\t\t\t\t\t<\/a>\n\t\t\t\t\t\t\t\t\t<\/li>\n\t\t\t\t\t\t\t\t<li class=\"elementor-icon-list-item elementor-inline-item\">\n\t\t\t\t\t\t\t\t\t\t\t<a href=\"https:\/\/gfcie75.com\/en\/devenir-membre\/\">\n\n\t\t\t\t\t\t\t\t\t\t\t\t<span class=\"elementor-icon-list-icon\">\n\t\t\t\t\t\t\t<svg aria-hidden=\"true\" class=\"e-font-icon-svg e-fas-arrow-right\" viewbox=\"0 0 448 512\" xmlns=\"http:\/\/www.w3.org\/2000\/svg\"><path d=\"M190.5 66.9l22.2-22.2c9.4-9.4 24.6-9.4 33.9 0L441 239c9.4 9.4 9.4 24.6 0 33.9L246.6 467.3c-9.4 9.4-24.6 9.4-33.9 0l-22.2-22.2c-9.5-9.5-9.3-25 .4-34.3L311.4 296H24c-13.3 0-24-10.7-24-24v-32c0-13.3 10.7-24 24-24h287.4L190.9 101.2c-9.8-9.3-10-24.8-.4-34.3z\"><\/path><\/svg>\t\t\t\t\t\t<\/span>\n\t\t\t\t\t\t\t\t\t\t<span class=\"elementor-icon-list-text\">Become a member<\/span>\n\t\t\t\t\t\t\t\t\t\t\t<\/a>\n\t\t\t\t\t\t\t\t\t<\/li>\n\t\t\t\t\t\t\t\t<li class=\"elementor-icon-list-item elementor-inline-item\">\n\t\t\t\t\t\t\t\t\t\t\t<a href=\"https:\/\/gfcie75.com\/en\/devenir-membre-actif-4-euros\/\">\n\n\t\t\t\t\t\t\t\t\t\t\t\t<span class=\"elementor-icon-list-icon\">\n\t\t\t\t\t\t\t<svg aria-hidden=\"true\" class=\"e-font-icon-svg e-fas-arrow-right\" viewbox=\"0 0 448 512\" xmlns=\"http:\/\/www.w3.org\/2000\/svg\"><path d=\"M190.5 66.9l22.2-22.2c9.4-9.4 24.6-9.4 33.9 0L441 239c9.4 9.4 9.4 24.6 0 33.9L246.6 467.3c-9.4 9.4-24.6 9.4-33.9 0l-22.2-22.2c-9.5-9.5-9.3-25 .4-34.3L311.4 296H24c-13.3 0-24-10.7-24-24v-32c0-13.3 10.7-24 24-24h287.4L190.9 101.2c-9.8-9.3-10-24.8-.4-34.3z\"><\/path><\/svg>\t\t\t\t\t\t<\/span>\n\t\t\t\t\t\t\t\t\t\t<span class=\"elementor-icon-list-text\">Become an active member 40 euros<\/span>\n\t\t\t\t\t\t\t\t\t\t\t<\/a>\n\t\t\t\t\t\t\t\t\t<\/li>\n\t\t\t\t\t\t<\/ul>\n\t\t\t\t\t\t<\/div>\n\t\t\t\t<\/div>\n\t\t\t\t<\/div>\n\t\t\t\t\t<\/div>\n\t\t\t\t<\/div>\n\t\t<div class=\"elementor-element elementor-element-3432398 e-flex e-con-boxed e-con e-parent\" data-id=\"3432398\" data-element_type=\"container\">\n\t\t\t\t\t<div class=\"e-con-inner\">\n\t\t<div class=\"elementor-element elementor-element-071606f e-con-full e-flex e-con e-child\" data-id=\"071606f\" data-element_type=\"container\">\n\t\t\t\t<div class=\"elementor-element elementor-element-cd1d6bf elementor-widget elementor-widget-image\" data-id=\"cd1d6bf\" data-element_type=\"widget\" data-widget_type=\"image.default\">\n\t\t\t\t<div class=\"elementor-widget-container\">\n\t\t\t\t\t\t\t\t\t\t\t\t\t\t\t<img fetchpriority=\"high\" decoding=\"async\" width=\"632\" height=\"1024\" src=\"https:\/\/gfcie75.com\/wp-content\/uploads\/2025\/09\/M.Largitte-632x1024.jpg\" class=\"attachment-large size-large wp-image-3369\" alt=\"\" srcset=\"https:\/\/gfcie75.com\/wp-content\/uploads\/2025\/09\/M.Largitte-632x1024.jpg 632w, https:\/\/gfcie75.com\/wp-content\/uploads\/2025\/09\/M.Largitte-185x300.jpg 185w, https:\/\/gfcie75.com\/wp-content\/uploads\/2025\/09\/M.Largitte-768x1244.jpg 768w, https:\/\/gfcie75.com\/wp-content\/uploads\/2025\/09\/M.Largitte-948x1536.jpg 948w, https:\/\/gfcie75.com\/wp-content\/uploads\/2025\/09\/M.Largitte-1264x2048.jpg 1264w, https:\/\/gfcie75.com\/wp-content\/uploads\/2025\/09\/M.Largitte-7x12.jpg 7w, https:\/\/gfcie75.com\/wp-content\/uploads\/2025\/09\/M.Largitte-600x972.jpg 600w, https:\/\/gfcie75.com\/wp-content\/uploads\/2025\/09\/M.Largitte.jpg 1580w\" sizes=\"(max-width: 632px) 100vw, 632px\" \/>\t\t\t\t\t\t\t\t\t\t\t\t\t\t\t<\/div>\n\t\t\t\t<\/div>\n\t\t\t\t<div class=\"elementor-element elementor-element-3a2467a elementor-absolute elementor-widget__width-initial elementor-widget-mobile__width-initial rotate_left elementor-widget elementor-widget-heading\" data-id=\"3a2467a\" data-element_type=\"widget\" data-settings=\"{&quot;_position&quot;:&quot;absolute&quot;}\" data-widget_type=\"heading.default\">\n\t\t\t\t<div class=\"elementor-widget-container\">\n\t\t\t\t\t<h2 class=\"elementor-heading-title elementor-size-default\">Photo: Didier Teurquetil\n\n<\/h2>\t\t\t\t<\/div>\n\t\t\t\t<\/div>\n\t\t\t\t<\/div>\n\t\t<div class=\"elementor-element elementor-element-b87b88e e-con-full e-flex e-con e-child\" data-id=\"b87b88e\" data-element_type=\"container\">\n\t\t\t\t<div class=\"elementor-element elementor-element-7593b3f elementor-widget elementor-widget-heading\" data-id=\"7593b3f\" data-element_type=\"widget\" data-widget_type=\"heading.default\">\n\t\t\t\t<div class=\"elementor-widget-container\">\n\t\t\t\t\t<h2 class=\"elementor-heading-title elementor-size-default\">GFCIE: For a free, dignified and enlightened Africa\n\n<\/h2>\t\t\t\t<\/div>\n\t\t\t\t<\/div>\n\t\t\t\t<div class=\"elementor-element elementor-element-631ec42 elementor-widget elementor-widget-text-editor\" data-id=\"631ec42\" data-element_type=\"widget\" data-widget_type=\"text-editor.default\">\n\t\t\t\t<div class=\"elementor-widget-container\">\n\t\t\t\t\t\t\t\t\t<p>The association was created on August 6, 2021. The news of the last three years, which has been very disheartening, namely the Covid health crisis, the war in Europe and the Israeli-Palestinian conflict, has forced us to put our activity on hold, but not our development strategy, nor the development of our website in which, we hope, you will find the answers to all your questions concerning the future of the continent.<\/p>\n<p><span style=\"font-size: 14.4px; font-style: inherit; font-weight: inherit;\">Membership for our active members will be accessible at a later date, once we have launched our four main social actions in accordance with our development strategy as defined by the Board.<\/span><\/p>\n<p>Violated, Plundered, Humiliated, Destabilized; Our dear land of Africa seems to be the playground of the great powers.<\/p>\n<p>Rich and beautiful, doesn&#039;t Africa have all the assets to be so desirable?<\/p>\n<p>We believe that we are all similar and that despite our differences, we aspire to the same desire for freedom.<\/p>\n<p>Economists predict that the future of the world lies in Africa. What if that famous promised land that Martin Luther King spoke of was Africa?<\/p>\t\t\t\t\t\t\t\t<\/div>\n\t\t\t\t<\/div>\n\t\t\t\t<\/div>\n\t\t<div class=\"elementor-element elementor-element-ecc5ab3 e-con-full e-flex e-con e-child\" data-id=\"ecc5ab3\" data-element_type=\"container\">\n\t\t\t\t<div class=\"elementor-element elementor-element-2fbdf37 elementor-widget elementor-widget-text-editor\" data-id=\"2fbdf37\" data-element_type=\"widget\" data-widget_type=\"text-editor.default\">\n\t\t\t\t<div class=\"elementor-widget-container\">\n\t\t\t\t\t\t\t\t\t<p><span style=\"font-size: 14.4px; font-style: inherit; font-weight: inherit;\">The best is yet to come.<\/span><\/p>\n<p><span style=\"font-style: inherit; font-size: 14.4px;\"><b>1.000.000 \u20ac<br><\/b><\/span><span style=\"font-size: 14.4px; font-style: inherit; font-weight: inherit;\">This is the amount we must solicit from our donors, members, sponsors, and through our commercial activities for our annual budget. This amount may seem substantial, but it is very little compared to the magnitude of the work to be accomplished and the challenges that await us in reclaiming our own values and dignity.&nbsp;<br><br><\/span><span style=\"font-size: 14.4px; font-style: inherit; font-weight: inherit;\">As part of a major financial, economic and social study on the continent, GFCIE will have to call upon the services of high-level specialists; lawyers in constitutional, criminal and international law, as well as doctors in economics and finance, not forgetting journalists.<br><\/span><span style=\"font-size: 14.4px; font-style: inherit; font-weight: inherit;\"><br>The financing of our social actions and more particularly &quot;a pen, an ideal for Africa&quot;, in a contradictory debate, detractors of history and information, facing historians, economists and lawyers in international law.<\/span><\/p>\t\t\t\t\t\t\t\t<\/div>\n\t\t\t\t<\/div>\n\t\t\t\t<\/div>\n\t\t\t\t\t<\/div>\n\t\t\t\t<\/div>\n\t\t<div class=\"elementor-element elementor-element-367735f e-flex e-con-boxed e-con e-parent\" data-id=\"367735f\" data-element_type=\"container\" data-settings=\"{&quot;background_background&quot;:&quot;classic&quot;}\">\n\t\t\t\t\t<div class=\"e-con-inner\">\n\t\t<div class=\"elementor-element elementor-element-4d032bf e-con-full e-flex e-con e-child\" data-id=\"4d032bf\" data-element_type=\"container\">\n\t\t\t\t<div class=\"elementor-element elementor-element-6c1d216 elementor-widget elementor-widget-heading\" data-id=\"6c1d216\" data-element_type=\"widget\" data-widget_type=\"heading.default\">\n\t\t\t\t<div class=\"elementor-widget-container\">\n\t\t\t\t\t<h2 class=\"elementor-heading-title elementor-size-default\">THE WEIGHT OF ILLNESS, THE SHOCK OF PHOTOS<\/h2>\t\t\t\t<\/div>\n\t\t\t\t<\/div>\n\t\t\t\t<div class=\"elementor-element elementor-element-5042a86 elementor-widget elementor-widget-text-editor\" data-id=\"5042a86\" data-element_type=\"widget\" data-widget_type=\"text-editor.default\">\n\t\t\t\t<div class=\"elementor-widget-container\">\n\t\t\t\t\t\t\t\t\t<p style=\"text-align: center;\"><span style=\"font-size: 12.8px; font-style: inherit; font-weight: inherit;\">A great lady in the service of Africa and when journalism literally changed the course of its history.<\/span><\/p><p style=\"text-align: center;\">When a woman and a camera shake up the empire of King Leopold II of Belgium.<\/p><p style=\"text-align: center;\">Notice to news anchors<\/p><p style=\"text-align: center;\"><b>\u201cJournalism Charter\u201d.<\/b><\/p><p style=\"text-align: center;\"><strong>Journalism: be topical and of general interest;\u2026 be disseminated by a media guaranteeing<\/strong><br \/><strong>the independence of the journalist from any power (political, ideological or economic,<\/strong><br \/><strong>including in relation to the interests of the company that employs him).<\/strong><\/p><p>Members, Donors, Sponsors and Journalists,<\/p><p>LET&#039;S WRITE THE REST OF THE STORY TOGETHER<\/p><p>Pierre Alexis LARGITTE, President and Co-founder of GFCIE<\/p>\t\t\t\t\t\t\t\t<\/div>\n\t\t\t\t<\/div>\n\t\t\t\t<\/div>\n\t\t<div class=\"elementor-element elementor-element-8e189e6 e-con-full e-flex e-con e-child\" data-id=\"8e189e6\" data-element_type=\"container\">\n\t\t\t\t<div class=\"elementor-element elementor-element-5297548 elementor-widget elementor-widget-image\" data-id=\"5297548\" data-element_type=\"widget\" data-widget_type=\"image.default\">\n\t\t\t\t<div class=\"elementor-widget-container\">\n\t\t\t\t\t\t\t\t\t\t\t\t\t\t\t<img decoding=\"async\" width=\"199\" height=\"254\" src=\"https:\/\/gfcie75.com\/wp-content\/uploads\/2025\/07\/ALICE_SEELEY_PHOTO.jpg\" class=\"attachment-large size-large wp-image-1349\" alt=\"\" srcset=\"https:\/\/gfcie75.com\/wp-content\/uploads\/2025\/07\/ALICE_SEELEY_PHOTO.jpg 199w, https:\/\/gfcie75.com\/wp-content\/uploads\/2025\/07\/ALICE_SEELEY_PHOTO-9x12.jpg 9w\" sizes=\"(max-width: 199px) 100vw, 199px\" \/>\t\t\t\t\t\t\t\t\t\t\t\t\t\t\t<\/div>\n\t\t\t\t<\/div>\n\t\t\t\t<div class=\"elementor-element elementor-element-70d23a9 elementor-widget elementor-widget-heading\" data-id=\"70d23a9\" data-element_type=\"widget\" data-widget_type=\"heading.default\">\n\t\t\t\t<div class=\"elementor-widget-container\">\n\t\t\t\t\t<h2 class=\"elementor-heading-title elementor-size-default\">ALICE SEELEY HARRIS\n<\/h2>\t\t\t\t<\/div>\n\t\t\t\t<\/div>\n\t\t\t\t<div class=\"elementor-element elementor-element-6ca5308 elementor-widget elementor-widget-heading\" data-id=\"6ca5308\" data-element_type=\"widget\" data-widget_type=\"heading.default\">\n\t\t\t\t<div class=\"elementor-widget-container\">\n\t\t\t\t\t<h2 class=\"elementor-heading-title elementor-size-default\">British missionary photographer (1870-1970)\n<\/h2>\t\t\t\t<\/div>\n\t\t\t\t<\/div>\n\t\t\t\t<\/div>\n\t\t\t\t\t<\/div>\n\t\t\t\t<\/div>\n\t\t\t\t<\/div>","protected":false},"excerpt":{"rendered":"<p>Accueil Devenir membre Photo : Didier Teurquetil G.F.C.I.E : Pour une Afrique libre, digne et \u00e9clair\u00e9e L&rsquo;association a \u00e9t\u00e9 cr\u00e9\u00e9e [&hellip;]<\/p>\n","protected":false},"author":1,"featured_media":0,"parent":0,"menu_order":0,"comment_status":"closed","ping_status":"closed","template":"","meta":{"site-sidebar-layout":"no-sidebar","site-content-layout":"","ast-site-content-layout":"full-width-container","site-content-style":"default","site-sidebar-style":"default","ast-global-header-display":"","ast-banner-title-visibility":"","ast-main-header-display":"","ast-hfb-above-header-display":"","ast-hfb-below-header-display":"","ast-hfb-mobile-header-display":"","site-post-title":"disabled","ast-breadcrumbs-content":"","ast-featured-img":"disabled","footer-sml-layout":"","ast-disable-related-posts":"","theme-transparent-header-meta":"","adv-header-id-meta":"","stick-header-meta":"","header-above-stick-meta":"","header-main-stick-meta":"","header-below-stick-meta":"","astra-migrate-meta-layouts":"default","ast-page-background-enabled":"default","ast-page-background-meta":{"desktop":{"background-color":"var(--ast-global-color-5)","background-image":"","background-repeat":"repeat","background-position":"center center","background-size":"auto","background-attachment":"scroll","background-type":"","background-media":"","overlay-type":"","overlay-color":"","overlay-opacity":"","overlay-gradient":""},"tablet":{"background-color":"","background-image":"","background-repeat":"repeat","background-position":"center center","background-size":"auto","background-attachment":"scroll","background-type":"","background-media":"","overlay-type":"","overlay-color":"","overlay-opacity":"","overlay-gradient":""},"mobile":{"background-color":"","background-image":"","background-repeat":"repeat","background-position":"center center","background-size":"auto","background-attachment":"scroll","background-type":"","background-media":"","overlay-type":"","overlay-color":"","overlay-opacity":"","overlay-gradient":""}},"ast-content-background-meta":{"desktop":{"background-color":"var(--ast-global-color-4)","background-image":"","background-repeat":"repeat","background-position":"center center","background-size":"auto","background-attachment":"scroll","background-type":"","background-media":"","overlay-type":"","overlay-color":"","overlay-opacity":"","overlay-gradient":""},"tablet":{"background-color":"var(--ast-global-color-4)","background-image":"","background-repeat":"repeat","background-position":"center center","background-size":"auto","background-attachment":"scroll","background-type":"","background-media":"","overlay-type":"","overlay-color":"","overlay-opacity":"","overlay-gradient":""},"mobile":{"background-color":"var(--ast-global-color-4)","background-image":"","background-repeat":"repeat","background-position":"center center","background-size":"auto","background-attachment":"scroll","background-type":"","background-media":"","overlay-type":"","overlay-color":"","overlay-opacity":"","overlay-gradient":""}},"footnotes":""},"class_list":["post-1347","page","type-page","status-publish","hentry"],"_links":{"self":[{"href":"https:\/\/gfcie75.com\/en\/wp-json\/wp\/v2\/pages\/1347","targetHints":{"allow":["GET"]}}],"collection":[{"href":"https:\/\/gfcie75.com\/en\/wp-json\/wp\/v2\/pages"}],"about":[{"href":"https:\/\/gfcie75.com\/en\/wp-json\/wp\/v2\/types\/page"}],"author":[{"embeddable":true,"href":"https:\/\/gfcie75.com\/en\/wp-json\/wp\/v2\/users\/1"}],"replies":[{"embeddable":true,"href":"https:\/\/gfcie75.com\/en\/wp-json\/wp\/v2\/comments?post=1347"}],"version-history":[{"count":147,"href":"https:\/\/gfcie75.com\/en\/wp-json\/wp\/v2\/pages\/1347\/revisions"}],"predecessor-version":[{"id":3416,"href":"https:\/\/gfcie75.com\/en\/wp-json\/wp\/v2\/pages\/1347\/revisions\/3416"}],"wp:attachment":[{"href":"https:\/\/gfcie75.com\/en\/wp-json\/wp\/v2\/media?parent=1347"}],"curies":[{"name":"wp","href":"https:\/\/api.w.org\/{rel}","templated":true}]}}